{"id":3,"date":"2025-08-19T08:29:12","date_gmt":"2025-08-19T08:29:12","guid":{"rendered":"https:\/\/nguewefingcongo.com\/?page_id=3"},"modified":"2025-08-29T14:27:42","modified_gmt":"2025-08-29T14:27:42","slug":"politique-de-confidentialite","status":"publish","type":"page","link":"https:\/\/nguewefingcongo.com\/fr\/politique-de-confidentialite\/","title":{"rendered":"Politique de Confidentialit\u00e9"},"content":{"rendered":"<div class=\"wpb-content-wrapper\"><div class=\"vc_row wpb_row vc_row-fluid\"><div class=\"wpb_column vc_column_container vc_col-sm-12\"><div class=\"vc_column-inner\"><div class=\"wpb_wrapper\">\n\t<div class=\"wpb_text_column wpb_content_element\" >\n\t\t<div class=\"wpb_wrapper\">\n\t\t\t<h2 class=\"wp-block-heading\" style=\"color: #009345;\">Qui Sommes-nous<\/h2>\n<p><!-- \/wp:post-content --><\/p>\n<p><!-- wp:paragraph -->Notre adresse de site web est : https:\/\/nguewefingcongo.com.<\/p>\n<p><!-- \/wp:paragraph --><\/p>\n<p>&nbsp;<\/p>\n<p><!-- wp:heading --><\/p>\n<h2 class=\"wp-block-heading\" style=\"color: #009345;\">Commentaires<\/h2>\n<p><!-- \/wp:heading --><\/p>\n<p><!-- wp:paragraph -->Lorsqu\u2019un visiteur laisse un commentaire sur le site, nous collectons les donn\u00e9es indiqu\u00e9es dans le formulaire de commentaire, ainsi que l\u2019adresse IP et la cha\u00eene de l\u2019agent utilisateur du navigateur du visiteur afin d\u2019aider \u00e0 la d\u00e9tection des ind\u00e9sirables (spam).<\/p>\n<p><!-- \/wp:paragraph --><\/p>\n<p>&nbsp;<\/p>\n<p><!-- wp:heading --><\/p>\n<h2 class=\"wp-block-heading\" style=\"color: #009345;\">Cookies<\/h2>\n<p><!-- \/wp:heading --><\/p>\n<p><!-- wp:paragraph --> Si vous laissez un commentaire sur notre site, vous pouvez choisir d\u2019enregistrer votre nom, votre adresse e-mail et votre site web dans des cookies. Ceci est pour votre confort afin de ne pas avoir \u00e0 saisir \u00e0 nouveau vos informations lorsque vous laissez un autre commentaire. Ces cookies dureront un an.<\/p>\n<p><!-- \/wp:paragraph --><\/p>\n<p><!-- wp:paragraph -->Si vous visitez notre page de connexion, nous placerons un cookie temporaire afin de d\u00e9terminer si votre navigateur accepte les cookies. Ce cookie ne contient aucune donn\u00e9e personnelle et est supprim\u00e9 lorsque vous fermez votre navigateur.<\/p>\n<p><!-- \/wp:paragraph --><\/p>\n<p><!-- wp:paragraph -->Lorsque vous vous connectez, nous installerons \u00e9galement plusieurs cookies pour enregistrer vos informations de connexion et vos pr\u00e9f\u00e9rences d\u2019affichage. Les cookies de connexion durent deux jours et les cookies d\u2019options d\u2019affichage durent un an. Si vous s\u00e9lectionnez \u00ab Se souvenir de moi \u00bb, votre connexion sera conserv\u00e9e pendant deux semaines. Si vous vous d\u00e9connectez de votre compte, les cookies de connexion seront supprim\u00e9s.<\/p>\n<p><!-- \/wp:paragraph --><\/p>\n<p><!-- wp:paragraph -->Si vous modifiez ou publiez un article, un cookie suppl\u00e9mentaire sera enregistr\u00e9 dans votre navigateur. Ce cookie ne contient aucune donn\u00e9e personnelle et indique simplement l\u2019ID de l\u2019article que vous venez de modifier. Il expire apr\u00e8s 1 jour.<\/p>\n<p><!-- \/wp:paragraph --><\/p>\n<p>&nbsp;<\/p>\n<p><!-- wp:heading --><\/p>\n<h2 class=\"wp-block-heading\" style=\"color: #009345;\">Les donn\u00e9es que nous recueillons \u00e0 votre sujet<\/h2>\n<p><!-- \/wp:heading --><\/p>\n<p><!-- wp:paragraph -->Par donn\u00e9es personnelles, on entend toute information qui peut \u00eatre utilis\u00e9e pour identifier directement ou indirectement un individu sp\u00e9cifique. Nous collectons vos donn\u00e9es personnelles afin de fournir des produits et services sur mesure et afin d&rsquo;analyser et d&rsquo;am\u00e9liorer continuellement nos produits et services. Nous pouvons collecter, utiliser, stocker et transf\u00e9rer diff\u00e9rents types de donn\u00e9es personnelles \u00e0 des fins de marketing et d&rsquo;optimisation des donn\u00e9es personnelles. Jumia utilise \u00e9galement Google Digital Marketing pour proposer des offres cibl\u00e9es pour certains produits et services \u00e0 nos clients.<br \/>Vous nous fournissez vos donn\u00e9es personnelles lorsque vous enregistrez vos donn\u00e9es personnelles sur notre site web et nos plateformes mobiles et que vous effectuez des transactions avec ces derniers.<\/p>\n<p><!-- \/wp:paragraph --><\/p>\n<p>&nbsp;<\/p>\n<p><!-- wp:heading --><\/p>\n<h2 class=\"wp-block-heading\" style=\"color: #009345;\">Comment nous utilisons vos donn\u00e9es personnelles<\/h2>\n<p><!-- \/wp:heading --><\/p>\n<p><!-- wp:paragraph -->Nous utilisons vos donn\u00e9es personnelles pour exploiter, fournir, d\u00e9velopper et am\u00e9liorer les produits et services que nous proposons, notamment les suivants :<\/p>\n<p><!-- \/wp:paragraph --><\/p>\n<p><!-- wp:paragraph -->\u00a0<strong>A.<\/strong>\u2003 Vous enregistrer en tant que nouveau client.<br \/><strong>B.<\/strong>\u2003 Traitement et livraison de vos commandes.<br \/><strong>C.<\/strong>\u2003 G\u00e9rer votre relation avec nous.<br \/><strong>D.<\/strong>\u2003 Vous permettre de participer \u00e0 des promotions, des concours et des enqu\u00eates.<br \/><strong>E.<\/strong>\u2003 Am\u00e9liorer notre site web, nos applications, nos produits et nos services.<br \/><strong>F.<\/strong>\u2003 Recommander\/promouvoir des produits ou services susceptibles de vous int\u00e9resser.<br \/><strong>G.<\/strong>\u2003 Vous permettre d&rsquo;acc\u00e9der \u00e0 certains produits et services propos\u00e9s par nos partenaires et vendeurs.<br \/><strong>H.<\/strong>\u2003 Se conformer \u00e0 nos obligations l\u00e9gales, notamment en v\u00e9rifiant votre identit\u00e9 si n\u00e9cessaire.<br \/><strong>I.<\/strong>\u2003 D\u00e9tecter une fraude potentielle.<\/p>\n<p><!-- \/wp:paragraph --><\/p>\n<p>&nbsp;<\/p>\n<p><!-- wp:heading --><\/p>\n<h2 class=\"wp-block-heading\" style=\"color: #009345;\">Base juridique du traitement des donn\u00e9es personnelles<\/h2>\n<p><!-- \/wp:heading --><\/p>\n<p><!-- wp:paragraph -->Nous ne traiterons vos donn\u00e9es personnelles que si nous avons une base l\u00e9gale pour le faire. La base l\u00e9gale d\u00e9pendra des objectifs pour lesquels nous avons collect\u00e9 et utilis\u00e9 vos donn\u00e9es personnelles. Dans presque tous les cas, la base juridique sera l&rsquo;une des suivantes :<br \/>services que nous proposons, notamment les suivants :<br \/><strong>A.<\/strong>\u2003\u00a0<strong>Consentement<\/strong>\u00a0: Par exemple, lorsque vous avez donn\u00e9 votre consentement pour recevoir certaines actions de marketing de notre part. Vous pouvez retirer votre consentement \u00e0 tout moment, notamment en cliquant sur le lien \u00ab\u00a0d\u00e9sinscription\u00a0\u00bb figurant au bas de tout email (courriel) marketing que nous vous envoyons.<br \/><strong>B.<\/strong>\u2003\u00a0<strong>Nos int\u00e9r\u00eats commerciaux l\u00e9gitimes<\/strong>\u00a0: Lorsqu&rsquo;il nous est n\u00e9cessaire de comprendre nos clients, de promouvoir nos services et de fonctionner efficacement, \u00e0 condition, dans chaque cas, que cela soit fait d&rsquo;une mani\u00e8re l\u00e9gitime qui n&rsquo;affecte pas ind\u00fbment votre vie priv\u00e9e et vos autres droits.<br \/><strong>C.<\/strong>\u2003\u00a0<strong>Ex\u00e9cution d&rsquo;un contrat avec vous<\/strong>\u00a0: Cela s&rsquo;applique \u00e9galement lorsque nous devons prendre des mesures avant de conclure un contrat avec vous. Par exemple, lorsque vous avez achet\u00e9 un produit chez nous et que nous devons utiliser vos coordonn\u00e9es et vos informations de paiement afin de traiter votre commande et de vous envoyer le produit.<br \/><strong>D.<\/strong>\u2003\u00a0<strong>Respect de la loi<\/strong>\u00a0: Lorsque nous sommes soumis \u00e0 une obligation l\u00e9gale et que nous devons utiliser vos donn\u00e9es personnelles afin de nous conformer \u00e0 cette obligation.<\/p>\n<p><!-- \/wp:paragraph --><\/p>\n<p>&nbsp;<\/p>\n<p><!-- wp:heading --><\/p>\n<h2 class=\"wp-block-heading\" style=\"color: #009345;\">Comment nous partageons vos donn\u00e9es personnelles<\/h2>\n<p><!-- \/wp:heading --><\/p>\n<p><!-- wp:paragraph --><strong>A.<\/strong>\u2003 Nous pouvons \u00eatre amen\u00e9s \u00e0 partager vos donn\u00e9es personnelles avec des tiers aux fins suivantes :<br \/><strong>i.<\/strong>\u2003 Vente de produits et de services : Afin de livrer les produits et services achet\u00e9s sur notre marketplace aupr\u00e8s de tiers, nous pouvons \u00eatre amen\u00e9s \u00e0 fournir vos donn\u00e9es personnelles \u00e0 ces tiers.<br \/><strong>ii.<\/strong>\u2003 Travail avec des prestataires de services tiers : Nous engageons des tiers pour ex\u00e9cuter certaines fonctions en notre nom. Il s&rsquo;agit par exemple de l&rsquo;ex\u00e9cution de commandes de produits ou de services, de la livraison de colis, de l&rsquo;analyse de donn\u00e9es, de la fourniture d&rsquo;une assistance marketing, du traitement des paiements, de la transmission de contenu, de l&rsquo;\u00e9valuation et de la gestion du risque de cr\u00e9dit et de la fourniture d&rsquo;un service client\u00e8le.<br \/><strong>iii.<\/strong>\u2003 Transferts d&rsquo;activit\u00e9s : Dans le cadre du d\u00e9veloppement de nos activit\u00e9s, nous pourrions vendre ou acheter d&rsquo;autres entreprises ou services. Dans le cadre de telles transactions, les informations relatives aux clients peuvent \u00eatre transf\u00e9r\u00e9es avec d&rsquo;autres actifs commerciaux.<br \/><strong>iv.<\/strong>\u2003 D\u00e9tection de la fraude et des abus : Nous communiquons des donn\u00e9es relatives aux comptes et d&rsquo;autres donn\u00e9es personnelles \u00e0 d&rsquo;autres soci\u00e9t\u00e9s et organisations ou aux autorit\u00e9s \u00e0 des fins de protection contre la fraude et de r\u00e9duction du risque de cr\u00e9dit, et pour nous conformer \u00e0 la l\u00e9gislation en vigueur.<br \/><strong>B.<\/strong>\u2003 Lorsque nous partageons vos donn\u00e9es personnelles avec des tiers, nous faisons en sorte de:<br \/><strong>i.<\/strong>\u2003 exiger d&rsquo;eux qu&rsquo;ils acceptent d&rsquo;utiliser vos donn\u00e9es conform\u00e9ment aux termes de la pr\u00e9sente notification sur la confidentialit\u00e9, de notre politique de confidentialit\u00e9 et conform\u00e9ment \u00e0 la loi applicable ; et<br \/><strong>ii.<\/strong>\u2003 ne les autorisons \u00e0 traiter vos donn\u00e9es personnelles qu&rsquo;\u00e0 des fins sp\u00e9cifiques et conform\u00e9ment \u00e0 nos instructions. Nous n&rsquo;autorisons pas nos prestataires de services tiers \u00e0 utiliser vos donn\u00e9es personnelles \u00e0 leurs propres fins.<\/p>\n<p><!-- \/wp:paragraph --><\/p>\n<p>&nbsp;<\/p>\n<p><!-- wp:heading --><\/p>\n<h2 class=\"wp-block-heading\" style=\"color: #009345;\">Conservation des donn\u00e9es<\/h2>\n<p><!-- \/wp:heading --><\/p>\n<p><!-- wp:paragraph -->Nous prendrons toutes les mesures raisonnables pour garantir que vos donn\u00e9es personnelles sont trait\u00e9es pendant la p\u00e9riode minimale n\u00e9cessaire aux fins \u00e9nonc\u00e9es dans la pr\u00e9sente notification sur la confidentialit\u00e9. Vos donn\u00e9es personnelles peuvent \u00eatre conserv\u00e9es sous une forme permettant l&rsquo;identification uniquement aussi longtemps que :<br \/><strong>A.<\/strong>\u2003 Nous entretenons une relation continue avec vous. Cela nous permet d&rsquo;am\u00e9liorer votre exp\u00e9rience avec nous et de nous assurer que vous recevez des communications de notre part.<br \/><strong>B.<\/strong>\u2003 Vos donn\u00e9es \u00e0 caract\u00e8re personnel sont n\u00e9cessaires dans le cadre des finalit\u00e9s \u00e9nonc\u00e9es dans la pr\u00e9sente notification sur la confidentialit\u00e9 et nous disposons d&rsquo;une base juridique valable,<br \/><strong>C.<\/strong>\u2003 La dur\u00e9e de : (i) tout d\u00e9lai de prescription applicable (c&rsquo;est-\u00e0-dire toute p\u00e9riode pendant laquelle une personne pourrait intenter une action en justice contre nous), et<br \/><strong>D.<\/strong>\u2003 Nous examinerons activement les donn\u00e9es personnelles que nous d\u00e9tenons et les supprimerons de mani\u00e8re s\u00e9curis\u00e9e, ou dans certains cas les rendrons anonymes, lorsqu&rsquo;il n&rsquo;y aura plus de n\u00e9cessit\u00e9 l\u00e9gale, commerciale ou de consommation pour qu\u2019elles soient conserv\u00e9es.<\/p>\n<p><!-- \/wp:paragraph --><\/p>\n<p>&nbsp;<\/p>\n<p><!-- wp:heading --><\/p>\n<h2 class=\"wp-block-heading\" style=\"color: #009345;\">S\u00e9curit\u00e9 des donn\u00e9es<\/h2>\n<p><!-- \/wp:heading --><\/p>\n<p><!-- wp:paragraph -->Nous avons mis en place des mesures de s\u00e9curit\u00e9 pour \u00e9viter que vos donn\u00e9es personnelles ne soient accidentellement perdues, utilis\u00e9es ou consult\u00e9es de mani\u00e8re non autoris\u00e9e, modifi\u00e9es ou divulgu\u00e9es.<br \/>En outre, nous limitons l&rsquo;acc\u00e8s \u00e0 vos donn\u00e9es personnelles aux employ\u00e9s, agents, sous-traitants et autres tiers qui ont un besoin professionnel de les conna\u00eetre. Ils ne traiteront vos donn\u00e9es personnelles que sur nos instructions et sont soumis \u00e0 un devoir de confidentialit\u00e9.<br \/>Nous avons mis en place des proc\u00e9dures pour traiter toute violation pr\u00e9sum\u00e9e de donn\u00e9es personnelles et nous vous informerons, ainsi que tout organisme r\u00e9glementaire le cas \u00e9ch\u00e9ant, d&rsquo;une violation lorsque nous sommes l\u00e9galement tenus de le faire.<\/p>\n<p><!-- \/wp:paragraph --><\/p>\n<p>&nbsp;<\/p>\n<p><!-- wp:heading --><\/p>\n<h2 class=\"wp-block-heading\" style=\"color: #009345;\">Vos droits l\u00e9gaux<\/h2>\n<p><!-- \/wp:heading --><\/p>\n<p><!-- wp:paragraph --><strong>A.<\/strong>\u2003 Il est important que les donn\u00e9es personnelles que nous d\u00e9tenons \u00e0 votre sujet soient exactes et \u00e0 jour. Veuillez nous tenir inform\u00e9s si vos donn\u00e9es personnelles changent au cours de votre relation avec nous.<br \/><strong>B.<\/strong>\u2003 Dans certaines circonstances, vous avez des droits en vertu des lois sur la protection des donn\u00e9es en ce qui concerne vos donn\u00e9es personnelles, y compris le droit d&rsquo;acc\u00e9der, de corriger ou de supprimer vos donn\u00e9es personnelles, de vous opposer au traitement de vos donn\u00e9es personnelles ou de le restreindre, le droit de demander que nous transf\u00e9rions vos donn\u00e9es personnelles \u00e0 un tiers et de vous d\u00e9sabonner de nos courriels et de nos bulletins d&rsquo;information.<br \/><strong>C.<\/strong>\u2003 Lorsque vous souhaitez supprimer d\u00e9finitivement vos donn\u00e9es de notre site web et d&rsquo;autres applications, vous pouvez choisir l&rsquo;option de fermeture de votre compte. Vous pouvez fermer votre compte en cliquant sur ce lien et en suivant les instructions. Une fois votre compte ferm\u00e9, tous les produits et services auxquels vous acc\u00e9dez par le biais de votre compte ne seront plus disponibles.<br \/><strong>D.<\/strong>\u2003 Nous pouvons refuser d&rsquo;acc\u00e9der \u00e0 votre demande si elle est d\u00e9raisonnable ou si vous n&rsquo;avez pas fourni les informations suppl\u00e9mentaires n\u00e9cessaires pour confirmer votre identit\u00e9.<\/p>\n<p><!-- \/wp:paragraph --><\/p>\n<p>&nbsp;<\/p>\n\n\t\t<\/div>\n\t<\/div>\n<\/div><\/div><\/div><\/div><\/div>","protected":false},"excerpt":{"rendered":"Qui Sommes-nous Notre adresse de site web est : https:\/\/nguewefingcongo.com. &nbsp; Commentaires Lorsqu\u2019un visiteur laisse un commentaire sur le site,","protected":false},"author":1,"featured_media":0,"parent":0,"menu_order":0,"comment_status":"closed","ping_status":"closed","template":"","meta":{"footnotes":""},"class_list":["post-3","page","type-page","status-publish","hentry"],"_links":{"self":[{"href":"https:\/\/nguewefingcongo.com\/fr\/wp-json\/wp\/v2\/pages\/3","targetHints":{"allow":["GET"]}}],"collection":[{"href":"https:\/\/nguewefingcongo.com\/fr\/wp-json\/wp\/v2\/pages"}],"about":[{"href":"https:\/\/nguewefingcongo.com\/fr\/wp-json\/wp\/v2\/types\/page"}],"author":[{"embeddable":true,"href":"https:\/\/nguewefingcongo.com\/fr\/wp-json\/wp\/v2\/users\/1"}],"replies":[{"embeddable":true,"href":"https:\/\/nguewefingcongo.com\/fr\/wp-json\/wp\/v2\/comments?post=3"}],"version-history":[{"count":6,"href":"https:\/\/nguewefingcongo.com\/fr\/wp-json\/wp\/v2\/pages\/3\/revisions"}],"predecessor-version":[{"id":1968,"href":"https:\/\/nguewefingcongo.com\/fr\/wp-json\/wp\/v2\/pages\/3\/revisions\/1968"}],"wp:attachment":[{"href":"https:\/\/nguewefingcongo.com\/fr\/wp-json\/wp\/v2\/media?parent=3"}],"curies":[{"name":"wp","href":"https:\/\/api.w.org\/{rel}","templated":true}]}}