{"id":1049,"date":"2022-06-02T07:18:56","date_gmt":"2022-06-02T07:18:56","guid":{"rendered":"http:\/\/dummy.xtemos.com\/woodmart2\/megamarket\/?page_id=1049"},"modified":"2025-08-30T23:57:07","modified_gmt":"2025-08-30T23:57:07","slug":"comparer","status":"publish","type":"page","link":"https:\/\/nguewefingcongo.com\/fr\/comparer\/","title":{"rendered":"Comparer"},"content":{"rendered":"<div class=\"wpb-content-wrapper\"><div class=\"vc_row wpb_row vc_row-fluid\"><div class=\"wpb_column vc_column_container vc_col-sm-12\"><div class=\"vc_column-inner\"><div class=\"wpb_wrapper\">\t\t<p class=\"wd-empty-compare wd-empty-page\">\n\t\t\tLa liste de comparaison est vide.\t\t<\/p>\n\t\t\t\t\t<div class=\"wd-empty-page-text\">\n\t\t\t\t\"Aucun produit n\u2019a \u00e9t\u00e9 ajout\u00e9 \u00e0 la liste de comparaison. Vous devez ajouter des produits pour pouvoir les comparer. Vous trouverez de nombreux produits int\u00e9ressants sur notre page \u00ab Boutique \u00bb.\"\t\t\t<\/div>\n\t\t\t\t<p class=\"return-to-shop\">\n\t\t\t<a class=\"button\" href=\"https:\/\/nguewefingcongo.com\/fr\/magasin\/\">\n\t\t\t\tRetour \u00e0 la boutique\t\t\t<\/a>\n\t\t<\/p>\n\t\t<\/div><\/div><\/div><\/div>\n<\/div>","protected":false},"excerpt":{"rendered":"La liste de comparaison est vide. \"Aucun produit n\u2019a \u00e9t\u00e9 ajout\u00e9 \u00e0 la liste de comparaison. Vous devez ajouter des","protected":false},"author":1,"featured_media":0,"parent":0,"menu_order":0,"comment_status":"closed","ping_status":"closed","template":"","meta":{"footnotes":""},"class_list":["post-1049","page","type-page","status-publish","hentry"],"_links":{"self":[{"href":"https:\/\/nguewefingcongo.com\/fr\/wp-json\/wp\/v2\/pages\/1049","targetHints":{"allow":["GET"]}}],"collection":[{"href":"https:\/\/nguewefingcongo.com\/fr\/wp-json\/wp\/v2\/pages"}],"about":[{"href":"https:\/\/nguewefingcongo.com\/fr\/wp-json\/wp\/v2\/types\/page"}],"author":[{"embeddable":true,"href":"https:\/\/nguewefingcongo.com\/fr\/wp-json\/wp\/v2\/users\/1"}],"replies":[{"embeddable":true,"href":"https:\/\/nguewefingcongo.com\/fr\/wp-json\/wp\/v2\/comments?post=1049"}],"version-history":[{"count":2,"href":"https:\/\/nguewefingcongo.com\/fr\/wp-json\/wp\/v2\/pages\/1049\/revisions"}],"predecessor-version":[{"id":2053,"href":"https:\/\/nguewefingcongo.com\/fr\/wp-json\/wp\/v2\/pages\/1049\/revisions\/2053"}],"wp:attachment":[{"href":"https:\/\/nguewefingcongo.com\/fr\/wp-json\/wp\/v2\/media?parent=1049"}],"curies":[{"name":"wp","href":"https:\/\/api.w.org\/{rel}","templated":true}]}}