{"id":1035,"date":"2022-06-02T07:14:56","date_gmt":"2022-06-02T07:14:56","guid":{"rendered":"http:\/\/dummy.xtemos.com\/woodmart2\/megamarket\/?page_id=1035"},"modified":"2025-08-29T14:39:57","modified_gmt":"2025-08-29T14:39:57","slug":"contactez-nous","status":"publish","type":"page","link":"https:\/\/nguewefingcongo.com\/fr\/contactez-nous\/","title":{"rendered":"Contactez-nous"},"content":{"rendered":"<div class=\"wpb-content-wrapper\"><div class=\"vc_row wpb_row vc_row-fluid vc_custom_1653047548056 wd-rs-628780f6cda9e\"><div class=\"wpb_column vc_column_container vc_col-sm-12 wd-rs-6273ae441f3d0\"><div class=\"vc_column-inner\"><div class=\"wpb_wrapper\">\n\t\t<div id=\"wd-68a82ad6d38e3\" class=\"title-wrapper wd-wpb wd-set-mb reset-last-child  wd-rs-68a82ad6d38e3 wd-title-color-default wd-title-style-default text-left  wd-underline-colored\">\n\t\t\t\n\t\t\t<div class=\"liner-continer\">\n\t\t\t\t<h4 class=\"woodmart-title-container title  wd-font-weight-800 wd-fontsize-xxl\" >Trouver un magasin<\/h4>\n\t\t\t\t\t\t\t<\/div>\n\t\t\t\n\t\t\t\n\t\t\t\n\t\t<\/div>\n\t\t\n\t\t\t\t\t<div class=\"google-map-container wd-map-container   wd-rs-69d24dfa5b26e\" style=\"height: 500px\" data-map-args='{&quot;multiple_markers&quot;:&quot;no&quot;,&quot;latitude&quot;:&quot;43.7443725&quot;,&quot;longitude&quot;:&quot;-79.5837738&quot;,&quot;zoom&quot;:&quot;15&quot;,&quot;mouse_zoom&quot;:&quot;no&quot;,&quot;init_type&quot;:&quot;page_load&quot;,&quot;init_offset&quot;:&quot;100&quot;,&quot;elementor&quot;:false,&quot;json_style&quot;:&quot;[\\n    {\\n        \\&quot;featureType\\&quot;: \\&quot;administrative\\&quot;,\\n        \\&quot;elementType\\&quot;: \\&quot;labels.text.fill\\&quot;,\\n        \\&quot;stylers\\&quot;: [\\n            {\\n                \\&quot;color\\&quot;: \\&quot;#444444\\&quot;\\n            }\\n        ]\\n    },\\n    {\\n        \\&quot;featureType\\&quot;: \\&quot;landscape\\&quot;,\\n        \\&quot;elementType\\&quot;: \\&quot;all\\&quot;,\\n        \\&quot;stylers\\&quot;: [\\n            {\\n                \\&quot;color\\&quot;: \\&quot;#f2f2f2\\&quot;\\n            }\\n        ]\\n    },\\n    {\\n        \\&quot;featureType\\&quot;: \\&quot;poi\\&quot;,\\n        \\&quot;elementType\\&quot;: \\&quot;all\\&quot;,\\n        \\&quot;stylers\\&quot;: [\\n            {\\n                \\&quot;visibility\\&quot;: \\&quot;off\\&quot;\\n            }\\n        ]\\n    },\\n    {\\n        \\&quot;featureType\\&quot;: \\&quot;road\\&quot;,\\n        \\&quot;elementType\\&quot;: \\&quot;all\\&quot;,\\n        \\&quot;stylers\\&quot;: [\\n            {\\n                \\&quot;saturation\\&quot;: -100\\n            },\\n            {\\n                \\&quot;lightness\\&quot;: 45\\n            }\\n        ]\\n    },\\n    {\\n        \\&quot;featureType\\&quot;: \\&quot;road.highway\\&quot;,\\n        \\&quot;elementType\\&quot;: \\&quot;all\\&quot;,\\n        \\&quot;stylers\\&quot;: [\\n            {\\n                \\&quot;visibility\\&quot;: \\&quot;simplified\\&quot;\\n            }\\n        ]\\n    },\\n    {\\n        \\&quot;featureType\\&quot;: \\&quot;road.arterial\\&quot;,\\n        \\&quot;elementType\\&quot;: \\&quot;labels.icon\\&quot;,\\n        \\&quot;stylers\\&quot;: [\\n            {\\n                \\&quot;visibility\\&quot;: \\&quot;off\\&quot;\\n            }\\n        ]\\n    },\\n    {\\n        \\&quot;featureType\\&quot;: \\&quot;transit\\&quot;,\\n        \\&quot;elementType\\&quot;: \\&quot;all\\&quot;,\\n        \\&quot;stylers\\&quot;: [\\n            {\\n                \\&quot;visibility\\&quot;: \\&quot;off\\&quot;\\n            }\\n        ]\\n    },\\n    {\\n        \\&quot;featureType\\&quot;: \\&quot;water\\&quot;,\\n        \\&quot;elementType\\&quot;: \\&quot;all\\&quot;,\\n        \\&quot;stylers\\&quot;: [\\n            {\\n                \\&quot;color\\&quot;: \\&quot;#1246ab\\&quot;\\n            },\\n            {\\n                \\&quot;visibility\\&quot;: \\&quot;on\\&quot;\\n            }\\n        ]\\n    }\\n]&quot;,&quot;marker_icon&quot;:&quot;https:\\\/\\\/nguewefingcongo.com\\\/wp-content\\\/themes\\\/woodmart\\\/inc\\\/admin\\\/assets\\\/images\\\/google-icon.png&quot;,&quot;marker_icon_size&quot;:&quot;&quot;,&quot;marker_text_needed&quot;:&quot;no&quot;,&quot;marker_text&quot;:&quot;&lt;h3 style=\\&quot;min-width:300px; text-align:center; margin:15px;\\&quot;&gt;&lt;\\\/h3&gt;&quot;,&quot;selector&quot;:&quot;wd-map-id-69d24dfa5b54c&quot;,&quot;markers&quot;:&quot;&quot;,&quot;center&quot;:&quot;&quot;}'>\n\t\t\t\t\n\t\t\t\t\n\t\t\t\t<div class=\"wd-google-map-wrapper wd-map-wrapper wd-fill\">\n\t\t\t\t\t<div id=\"wd-map-id-69d24dfa5b54c\" class=\"wd-google-map without-content wd-fill\"><\/div>\n\t\t\t\t<\/div>\n\n\t\t\t\t\t\t\t<\/div>\n\t\t<\/div><\/div><\/div><\/div><div class=\"vc_row wpb_row vc_row-fluid vc_custom_1650447307891 wd-rs-625fd3c4505e1\"><div class=\"wpb_column vc_column_container vc_col-sm-4 vc_col-lg-3 wd-rs-625fd39364db8\"><div class=\"vc_column-inner vc_custom_1650447257722\"><div class=\"wpb_wrapper\"><div class=\"vc_row wpb_row vc_inner vc_row-fluid vc_custom_1641386385359 vc_row-has-fill wd-rs-61d5918d26cf2\"><div class=\"wpb_column vc_column_container vc_col-sm-12 wd-rs-61d593b63ba51\"><div class=\"vc_column-inner vc_custom_1641386938030\"><div class=\"wpb_wrapper\">\n\t\t<div id=\"wd-68a830e3f0612\" class=\"title-wrapper wd-wpb wd-set-mb reset-last-child  wd-rs-68a830e3f0612 wd-title-color-default wd-title-style-default text-left vc_custom_1755853053723 wd-underline-colored\">\n\t\t\t\n\t\t\t<div class=\"liner-continer\">\n\t\t\t\t<h4 class=\"woodmart-title-container title  wd-font-weight- wd-fontsize-l\" >28 Rue Madzombo M\u00e9t\u00e9o \/ Mak\u00e9l\u00e9k\u00e9l\u00e9<\/h4>\n\t\t\t\t\t\t\t<\/div>\n\t\t\t\n\t\t\t\n\t\t\t\n\t\t<\/div>\n\t\t\n\t\t\n\t\t<ul class=\" wd-rs-68b1bb30508f1 wd-list wd-wpb color-scheme- wd-fontsize-s wd-type-image wd-style-default text-left \" id=\"wd-68b1bb30508f1\">\n\t\t\t\t\t\t\t\t\t\t\t<li>\n\t\t\t\t\t<span class=\"wd-icon list-icon\"><img decoding=\"async\"  src=\"https:\/\/nguewefingcongo.com\/wp-content\/uploads\/2025\/08\/wd-phone-megamarket.svg\" title=\"wd-phone-megamarket\" loading=\"lazy\" width=\"14\" height=\"14\"><\/span>\n\t\t\t\t\t<span class=\"wd-list-content list-content\">+242 06 19 19 876<\/span>\n\t\t\t\t\t\t\t\t\t\t\t<a class=\"wd-fill\" href=\"tel:(242) 06 19 19 876\" title=\"\" aria-label=\"List link\"><\/a>\n\t\t\t\t\t\t\t\t\t<\/li>\n\t\t\t\t\t\t\t\t\t\t\t<li>\n\t\t\t\t\t<span class=\"wd-icon list-icon\"><img decoding=\"async\"  src=\"https:\/\/nguewefingcongo.com\/wp-content\/uploads\/2025\/08\/wd-envelope-megamarket.svg\" title=\"wd-envelope-megamarket\" loading=\"lazy\" width=\"14\" height=\"14\"><\/span>\n\t\t\t\t\t<span class=\"wd-list-content list-content\">info@nguewefingcongo.com<\/span>\n\t\t\t\t\t\t\t\t\t\t\t<a class=\"wd-fill\" href=\"mailto:info@nguewefingcongo.com\" title=\"\" aria-label=\"List link\"><\/a>\n\t\t\t\t\t\t\t\t\t<\/li>\n\t\t\t\t\t<\/ul>\n\t\t\n\t\t<div id=\"wd-68a82c8fbf824\" class=\"title-wrapper wd-wpb wd-set-mb reset-last-child  wd-rs-68a82c8fbf824 wd-title-color-default wd-title-style-default text-left vc_custom_1755851952151 wd-underline-colored\">\n\t\t\t\n\t\t\t<div class=\"liner-continer\">\n\t\t\t\t<h4 class=\"woodmart-title-container title  wd-font-weight- wd-fontsize-m\" >Ouverte:<\/h4>\n\t\t\t\t\t\t\t<\/div>\n\t\t\t\n\t\t\t\n\t\t\t\n\t\t<\/div>\n\t\t\n\t\t\t\t<div id=\"wd-68b1bb6bb6ed5\" class=\"wd-text-block wd-wpb reset-last-child wd-rs-68b1bb6bb6ed5 text-left vc_custom_1756478363012\">\n\t\t\t<p>Lun. \u2013 Sam:<br \/>\n<span style=\"color: #009345;\"><strong>8:00 &#8211; 17:30<\/strong><\/span><\/p>\n\t\t<\/div>\n\t\t<\/div><\/div><\/div><\/div><\/div><\/div><\/div><div class=\"wpb_column vc_column_container vc_col-sm-4 vc_col-lg-3 wd-rs-625fd3bd54131\"><div class=\"vc_column-inner vc_custom_1650447298122\"><div class=\"wpb_wrapper\"><\/div><\/div><\/div><\/div>\n<\/div>","protected":false},"excerpt":{"rendered":"Trouver un magasin 28 Rue Madzombo M\u00e9t\u00e9o \/ Mak\u00e9l\u00e9k\u00e9l\u00e9 +242 06 19 19 876 info@nguewefingcongo.com Ouverte: Lun. \u2013 Sam: 8:00","protected":false},"author":1,"featured_media":0,"parent":0,"menu_order":0,"comment_status":"closed","ping_status":"closed","template":"","meta":{"footnotes":""},"class_list":["post-1035","page","type-page","status-publish","hentry"],"_links":{"self":[{"href":"https:\/\/nguewefingcongo.com\/fr\/wp-json\/wp\/v2\/pages\/1035","targetHints":{"allow":["GET"]}}],"collection":[{"href":"https:\/\/nguewefingcongo.com\/fr\/wp-json\/wp\/v2\/pages"}],"about":[{"href":"https:\/\/nguewefingcongo.com\/fr\/wp-json\/wp\/v2\/types\/page"}],"author":[{"embeddable":true,"href":"https:\/\/nguewefingcongo.com\/fr\/wp-json\/wp\/v2\/users\/1"}],"replies":[{"embeddable":true,"href":"https:\/\/nguewefingcongo.com\/fr\/wp-json\/wp\/v2\/comments?post=1035"}],"version-history":[{"count":6,"href":"https:\/\/nguewefingcongo.com\/fr\/wp-json\/wp\/v2\/pages\/1035\/revisions"}],"predecessor-version":[{"id":1970,"href":"https:\/\/nguewefingcongo.com\/fr\/wp-json\/wp\/v2\/pages\/1035\/revisions\/1970"}],"wp:attachment":[{"href":"https:\/\/nguewefingcongo.com\/fr\/wp-json\/wp\/v2\/media?parent=1035"}],"curies":[{"name":"wp","href":"https:\/\/api.w.org\/{rel}","templated":true}]}}