{"id":39,"date":"2025-08-19T08:37:23","date_gmt":"2025-08-19T08:37:23","guid":{"rendered":"https:\/\/nguewefingcongo.com\/services\/"},"modified":"2025-08-31T00:56:10","modified_gmt":"2025-08-31T00:56:10","slug":"nos-services","status":"publish","type":"page","link":"https:\/\/nguewefingcongo.com\/en\/nos-services\/","title":{"rendered":"Nos Services"},"content":{"rendered":"<div class=\"wpb-content-wrapper\"><div class=\"vc_row wpb_row vc_row-fluid\"><div class=\"wpb_column vc_column_container vc_col-sm-12\"><div class=\"vc_column-inner\"><div class=\"wpb_wrapper\">\n\t<div class=\"wpb_text_column wpb_content_element\" >\n\t\t<div class=\"wpb_wrapper\">\n\t\t\t\n\t\t<\/div>\n\t<\/div>\n<\/div><\/div><\/div><\/div><div class=\"vc_row wpb_row vc_row-fluid vc_custom_1653046051124 wd-rs-62877b1c52123\"><div class=\"wpb_column vc_column_container vc_col-sm-12 vc_col-lg-6 wd-rs-6256e401ee426\"><div class=\"vc_column-inner\"><div class=\"wpb_wrapper\">\n\t\t<div id=\"wd-68b1a89d5e426\" class=\"title-wrapper wd-wpb wd-set-mb reset-last-child  wd-rs-68b1a89d5e426 wd-title-color-default wd-title-style-default text-left  wd-underline-colored\">\n\t\t\t\n\t\t\t<div class=\"liner-continer\">\n\t\t\t\t<h4 class=\"woodmart-title-container title  wd-font-weight-800 wd-fontsize-xxl\" >Aper\u00e7u des services<\/h4>\n\t\t\t\t\t\t\t<\/div>\n\t\t\t\n\t\t\t\n\t\t\t\n\t\t<\/div>\n\t\t\n\t\t\t\t<div id=\"wd-689075022751d\" class=\"wd-text-block wd-wpb reset-last-child wd-rs-689075022751d text-left\">\n\t\t\t<p>Ngu\u00e8 W\u00e8 F\u00edng est sp\u00e9cialis\u00e9e dans la vente d\u2019\u00e9quipements solaires photovolta\u00efques : panneaux solaires, batteries, onduleurs, r\u00e9gulateurs et accessoires. Nous fournissons des solutions fiables pour l\u2019\u00e9lectricit\u00e9 solaire, adapt\u00e9es aux foyers, entreprises et projets communautaires. Nous offrons aussi un accompagnement technique : conseils, dimensionnement et appui \u00e0 l\u2019installation, pour vous aider \u00e0 r\u00e9ussir votre transition vers l\u2019\u00e9nergie solaire.<\/p>\n\t\t<\/div>\n\t\t<\/div><\/div><\/div><div class=\"wpb_column vc_column_container vc_col-sm-12 vc_col-lg-6 wd-rs-6256e4071a9be\"><div class=\"vc_column-inner\"><div class=\"wpb_wrapper\">\t\t<div id=\"gallery_235\" class=\"wd-images-gallery wd-wpb wd-rs-68a83c4a10b6d\" style=\"--wd-justify-content:center;--wd-align-items:center;\">\n\t\t\t\n\t\t\t<div class=\"wd-grid-g\" style=\"--wd-col-lg:2;--wd-col-md:2;--wd-col-sm:1;--wd-gap-lg:20px;--wd-gap-sm:10px;\">\n\t\t\t\t\n\t\t\t\t\t\t\t\t\t\t\t\t\t\t\t<div class=\"wd-gallery-item wd-col\">\n\t\t\t\t\t\t\t\n\t\t\t\t\t\t\t\t<img loading=\"lazy\" decoding=\"async\" width=\"510\" height=\"600\" src=\"https:\/\/nguewefingcongo.com\/wp-content\/uploads\/2025\/08\/alternative-energy-blog-img-7-510x600.jpg\" class=\"wd-gallery-image image-1\" alt=\"\" \/>\n\t\t\t\t\t\t\t\t\t\t\t\t\t\t<\/div>\n\t\t\t\t\t\t\t\t\t\t\t<div class=\"wd-gallery-item wd-col\">\n\t\t\t\t\t\t\t\n\t\t\t\t\t\t\t\t<img loading=\"lazy\" decoding=\"async\" width=\"400\" height=\"400\" src=\"https:\/\/nguewefingcongo.com\/wp-content\/uploads\/2025\/08\/IMG-20250718-WA0023.jpg\" class=\"wd-gallery-image image-2\" alt=\"\" srcset=\"https:\/\/nguewefingcongo.com\/wp-content\/uploads\/2025\/08\/IMG-20250718-WA0023.jpg 400w, https:\/\/nguewefingcongo.com\/wp-content\/uploads\/2025\/08\/IMG-20250718-WA0023-300x300.jpg 300w, https:\/\/nguewefingcongo.com\/wp-content\/uploads\/2025\/08\/IMG-20250718-WA0023-150x150.jpg 150w, https:\/\/nguewefingcongo.com\/wp-content\/uploads\/2025\/08\/IMG-20250718-WA0023-12x12.jpg 12w, https:\/\/nguewefingcongo.com\/wp-content\/uploads\/2025\/08\/IMG-20250718-WA0023-80x80.jpg 80w\" sizes=\"auto, (max-width: 400px) 100vw, 400px\" \/>\n\t\t\t\t\t\t\t\t\t\t\t\t\t\t<\/div>\n\t\t\t\t\t\t\t\t\t\n\t\t\t\t\t\t\t<\/div>\n\n\t\t\t\t\t<\/div>\n\t\t<\/div><\/div><\/div><\/div><div class=\"vc_row wpb_row vc_row-fluid\"><div class=\"wpb_column vc_column_container vc_col-sm-12\"><div class=\"vc_column-inner\"><div class=\"wpb_wrapper\">\n\t<div class=\"wpb_text_column wpb_content_element\" >\n\t\t<div class=\"wpb_wrapper\">\n\t\t\t\n\t\t<\/div>\n\t<\/div>\n<\/div><\/div><\/div><\/div><div class=\"vc_row wpb_row vc_row-fluid wd-rs-6256b0d25bd43\"><div class=\"wpb_column vc_column_container vc_col-sm-12 wd-rs-6256e36b3d7a3\"><div class=\"vc_column-inner vc_custom_1649861486533\"><div class=\"wpb_wrapper\">\n\t\t<div id=\"wd-68af7a9240f21\" class=\"title-wrapper wd-wpb wd-set-mb reset-last-child  wd-rs-68af7a9240f21 wd-title-color-default wd-title-style-default text-left  wd-underline-colored\">\n\t\t\t\n\t\t\t<div class=\"liner-continer\">\n\t\t\t\t<h4 class=\"woodmart-title-container title  wd-font-weight-800 wd-fontsize-xxl\" >Ce qu'on fait<\/h4>\n\t\t\t\t\t\t\t<\/div>\n\t\t\t\n\t\t\t\n\t\t\t\n\t\t<\/div>\n\t\t\n\t\t<div class=\"vc_row wpb_row vc_inner vc_row-fluid vc_row-o-equal-height vc_row-flex wd-rs-62726c490a748\"><div class=\"wpb_column vc_column_container vc_col-sm-1\/5 vc_col-xs-6 wd-rs-62726bf1d8105\"><div class=\"vc_column-inner vc_custom_1651665910906\"><div class=\"wpb_wrapper\">\t\t\t<div class=\"info-box-wrapper\">\n\t\t\t\t<div id=\"wd-68a83d49a6d76\" class=\"wd-rs-68a83d49a6d76 wd-info-box wd-wpb text-center box-icon-align-top box-style- color-scheme- wd-bg-none\">\n\t\t\t\t\t\t\t\t\t\t\t<div class=\"box-icon-wrapper  box-with-icon box-icon-simple\">\n\t\t\t\t\t\t\t<div class=\"info-box-icon\">\n\n\t\t\t\t\t\t\t\n\t\t\t\t\t\t\t\t\t\t\t\t\t\t\t\t\t<img loading=\"lazy\" decoding=\"async\" width=\"128\" height=\"128\" src=\"https:\/\/nguewefingcongo.com\/wp-content\/uploads\/2025\/08\/IMG-20250718-WA0056assq-128x128.jpg\" class=\"attachment-128x128 size-128x128\" alt=\"\" srcset=\"https:\/\/nguewefingcongo.com\/wp-content\/uploads\/2025\/08\/IMG-20250718-WA0056assq-128x128.jpg 128w, https:\/\/nguewefingcongo.com\/wp-content\/uploads\/2025\/08\/IMG-20250718-WA0056assq-150x150.jpg 150w, https:\/\/nguewefingcongo.com\/wp-content\/uploads\/2025\/08\/IMG-20250718-WA0056assq-600x600.jpg 600w, https:\/\/nguewefingcongo.com\/wp-content\/uploads\/2025\/08\/IMG-20250718-WA0056assq-80x80.jpg 80w\" sizes=\"auto, (max-width: 128px) 100vw, 128px\" \/>\t\t\t\t\t\t\t\t\t\t\t\t\t\t\t\n\t\t\t\t\t\t\t<\/div>\n\t\t\t\t\t\t<\/div>\n\t\t\t\t\t\t\t\t\t\t<div class=\"info-box-content\">\n\t\t\t\t\t\t<h4 class=\"info-box-title title box-title-style-default wd-fontsize-m\">Installation lampadaire Solaire<\/h4>\t\t\t\t\t\t<div class=\"info-box-inner reset-last-child\"><\/div>\n\n\t\t\t\t\t\t\t\t\t\t\t<\/div>\n\n\t\t\t\t\t\t\t\t\t\t\t<a class=\"wd-info-box-link wd-fill\" aria-label=\"Infobox link\" href=\"#\" title=\"\"><\/a>\n\t\t\t\t\t\n\t\t\t\t\t\t\t\t\t<\/div>\n\t\t\t<\/div>\n\t\t<\/div><\/div><\/div><div class=\"wpb_column vc_column_container vc_col-sm-1\/5 vc_col-xs-6 wd-rs-62726bf7543b5\"><div class=\"vc_column-inner vc_custom_1651665915898\"><div class=\"wpb_wrapper\">\t\t\t<div class=\"info-box-wrapper\">\n\t\t\t\t<div id=\"wd-68a83f96746e4\" class=\"wd-rs-68a83f96746e4 wd-info-box wd-wpb text-center box-icon-align-top box-style- color-scheme- wd-bg-none\">\n\t\t\t\t\t\t\t\t\t\t\t<div class=\"box-icon-wrapper  box-with-icon box-icon-simple\">\n\t\t\t\t\t\t\t<div class=\"info-box-icon\">\n\n\t\t\t\t\t\t\t\n\t\t\t\t\t\t\t\t\t\t\t\t\t\t\t\t\t<img loading=\"lazy\" decoding=\"async\" width=\"128\" height=\"128\" src=\"https:\/\/nguewefingcongo.com\/wp-content\/uploads\/2025\/08\/IMG-20250718-WA0064q-128x128.jpg\" class=\"attachment-128x128 size-128x128\" alt=\"\" srcset=\"https:\/\/nguewefingcongo.com\/wp-content\/uploads\/2025\/08\/IMG-20250718-WA0064q-128x128.jpg 128w, https:\/\/nguewefingcongo.com\/wp-content\/uploads\/2025\/08\/IMG-20250718-WA0064q-150x150.jpg 150w, https:\/\/nguewefingcongo.com\/wp-content\/uploads\/2025\/08\/IMG-20250718-WA0064q-600x600.jpg 600w, https:\/\/nguewefingcongo.com\/wp-content\/uploads\/2025\/08\/IMG-20250718-WA0064q-80x80.jpg 80w\" sizes=\"auto, (max-width: 128px) 100vw, 128px\" \/>\t\t\t\t\t\t\t\t\t\t\t\t\t\t\t\n\t\t\t\t\t\t\t<\/div>\n\t\t\t\t\t\t<\/div>\n\t\t\t\t\t\t\t\t\t\t<div class=\"info-box-content\">\n\t\t\t\t\t\t<h4 class=\"info-box-title title box-title-style-default wd-fontsize-m\">Installation projecteur solaire<\/h4>\t\t\t\t\t\t<div class=\"info-box-inner reset-last-child\"><\/div>\n\n\t\t\t\t\t\t\t\t\t\t\t<\/div>\n\n\t\t\t\t\t\t\t\t\t\t\t<a class=\"wd-info-box-link wd-fill\" aria-label=\"Infobox link\" href=\"#\" title=\"\"><\/a>\n\t\t\t\t\t\n\t\t\t\t\t\t\t\t\t<\/div>\n\t\t\t<\/div>\n\t\t<\/div><\/div><\/div><div class=\"wpb_column vc_column_container vc_col-sm-1\/5 vc_col-xs-6 wd-rs-62726bfc32e15\"><div class=\"vc_column-inner vc_custom_1651665920256\"><div class=\"wpb_wrapper\">\t\t\t<div class=\"info-box-wrapper\">\n\t\t\t\t<div id=\"wd-68a840454283e\" class=\"wd-rs-68a840454283e wd-info-box wd-wpb text-center box-icon-align-top box-style- color-scheme- wd-bg-none\">\n\t\t\t\t\t\t\t\t\t\t\t<div class=\"box-icon-wrapper  box-with-icon box-icon-simple\">\n\t\t\t\t\t\t\t<div class=\"info-box-icon\">\n\n\t\t\t\t\t\t\t\n\t\t\t\t\t\t\t\t\t\t\t\t\t\t\t\t\t<img loading=\"lazy\" decoding=\"async\" width=\"128\" height=\"128\" src=\"https:\/\/nguewefingcongo.com\/wp-content\/uploads\/2025\/08\/alternative-energy-product-1-128x128.jpg\" class=\"attachment-128x128 size-128x128\" alt=\"\" srcset=\"https:\/\/nguewefingcongo.com\/wp-content\/uploads\/2025\/08\/alternative-energy-product-1-128x128.jpg 128w, https:\/\/nguewefingcongo.com\/wp-content\/uploads\/2025\/08\/alternative-energy-product-1-150x150.jpg 150w, https:\/\/nguewefingcongo.com\/wp-content\/uploads\/2025\/08\/alternative-energy-product-1-600x600.jpg 600w, https:\/\/nguewefingcongo.com\/wp-content\/uploads\/2025\/08\/alternative-energy-product-1-80x80.jpg 80w\" sizes=\"auto, (max-width: 128px) 100vw, 128px\" \/>\t\t\t\t\t\t\t\t\t\t\t\t\t\t\t\n\t\t\t\t\t\t\t<\/div>\n\t\t\t\t\t\t<\/div>\n\t\t\t\t\t\t\t\t\t\t<div class=\"info-box-content\">\n\t\t\t\t\t\t<h4 class=\"info-box-title title box-title-style-default wd-fontsize-m\">Installation panneau solaire<\/h4>\t\t\t\t\t\t<div class=\"info-box-inner reset-last-child\"><\/div>\n\n\t\t\t\t\t\t\t\t\t\t\t<\/div>\n\n\t\t\t\t\t\t\t\t\t\t\t<a class=\"wd-info-box-link wd-fill\" aria-label=\"Infobox link\" href=\"#\" title=\"\"><\/a>\n\t\t\t\t\t\n\t\t\t\t\t\t\t\t\t<\/div>\n\t\t\t<\/div>\n\t\t<\/div><\/div><\/div><div class=\"wpb_column vc_column_container vc_col-sm-1\/5 vc_col-xs-6 wd-rs-62726c009615f\"><div class=\"vc_column-inner vc_custom_1651665925379\"><div class=\"wpb_wrapper\">\t\t\t<div class=\"info-box-wrapper\">\n\t\t\t\t<div id=\"wd-68b39cfc6ca01\" class=\"wd-rs-68b39cfc6ca01 wd-info-box wd-wpb text-center box-icon-align-top box-style- color-scheme- wd-bg-none\">\n\t\t\t\t\t\t\t\t\t\t\t<div class=\"box-icon-wrapper  box-with-icon box-icon-simple\">\n\t\t\t\t\t\t\t<div class=\"info-box-icon\">\n\n\t\t\t\t\t\t\t\n\t\t\t\t\t\t\t\t\t\t\t\t\t\t\t\t\t<img loading=\"lazy\" decoding=\"async\" width=\"128\" height=\"128\" src=\"https:\/\/nguewefingcongo.com\/wp-content\/uploads\/2025\/08\/IMG-20250830-WA0009-132x300-1-128x128.jpg\" class=\"attachment-128x128 size-128x128\" alt=\"\" \/>\t\t\t\t\t\t\t\t\t\t\t\t\t\t\t\n\t\t\t\t\t\t\t<\/div>\n\t\t\t\t\t\t<\/div>\n\t\t\t\t\t\t\t\t\t\t<div class=\"info-box-content\">\n\t\t\t\t\t\t<h4 class=\"info-box-title title box-title-style-default wd-fontsize-m\">Installation poteau<\/h4>\t\t\t\t\t\t<div class=\"info-box-inner reset-last-child\"><\/div>\n\n\t\t\t\t\t\t\t\t\t\t\t<\/div>\n\n\t\t\t\t\t\t\t\t\t\t\t<a class=\"wd-info-box-link wd-fill\" aria-label=\"Infobox link\" href=\"#\" title=\"\"><\/a>\n\t\t\t\t\t\n\t\t\t\t\t\t\t\t\t<\/div>\n\t\t\t<\/div>\n\t\t<\/div><\/div><\/div><div class=\"wpb_column vc_column_container vc_col-sm-1\/5 vc_col-xs-6 wd-rs-62726c05e01b9\"><div class=\"vc_column-inner vc_custom_1651665930837\"><div class=\"wpb_wrapper\">\t\t\t<div class=\"info-box-wrapper\">\n\t\t\t\t<div id=\"wd-68b39d5923b2d\" class=\"wd-rs-68b39d5923b2d wd-info-box wd-wpb text-center box-icon-align-top box-style- color-scheme- wd-bg-none\">\n\t\t\t\t\t\t\t\t\t\t\t<div class=\"box-icon-wrapper  box-with-icon box-icon-simple\">\n\t\t\t\t\t\t\t<div class=\"info-box-icon\">\n\n\t\t\t\t\t\t\t\n\t\t\t\t\t\t\t\t\t\t\t\t\t\t\t\t\t<img loading=\"lazy\" decoding=\"async\" width=\"128\" height=\"128\" src=\"https:\/\/nguewefingcongo.com\/wp-content\/uploads\/2025\/08\/IMG-20250830-WA0012-400x226-1-128x128.jpg\" class=\"attachment-128x128 size-128x128\" alt=\"\" srcset=\"https:\/\/nguewefingcongo.com\/wp-content\/uploads\/2025\/08\/IMG-20250830-WA0012-400x226-1-128x128.jpg 128w, https:\/\/nguewefingcongo.com\/wp-content\/uploads\/2025\/08\/IMG-20250830-WA0012-400x226-1-150x150.jpg 150w\" sizes=\"auto, (max-width: 128px) 100vw, 128px\" \/>\t\t\t\t\t\t\t\t\t\t\t\t\t\t\t\n\t\t\t\t\t\t\t<\/div>\n\t\t\t\t\t\t<\/div>\n\t\t\t\t\t\t\t\t\t\t<div class=\"info-box-content\">\n\t\t\t\t\t\t<h4 class=\"info-box-title title box-title-style-default wd-fontsize-m\">Installation syst\u00e8me solaire autonome pour domicile et entreprise<\/h4>\t\t\t\t\t\t<div class=\"info-box-inner reset-last-child\"><\/div>\n\n\t\t\t\t\t\t\t\t\t\t\t<\/div>\n\n\t\t\t\t\t\t\t\t\t\t\t<a class=\"wd-info-box-link wd-fill\" aria-label=\"Infobox link\" href=\"#\" title=\"\"><\/a>\n\t\t\t\t\t\n\t\t\t\t\t\t\t\t\t<\/div>\n\t\t\t<\/div>\n\t\t<\/div><\/div><\/div><div class=\"wpb_column vc_column_container vc_col-sm-1\/5 vc_col-xs-6 wd-rs-62726c0b640ec\"><div class=\"vc_column-inner vc_custom_1651665935536\"><div class=\"wpb_wrapper\">\t\t\t<div class=\"info-box-wrapper\">\n\t\t\t\t<div id=\"wd-688f4d4c4ecb4\" class=\"wd-rs-688f4d4c4ecb4 wd-info-box wd-wpb text-center box-icon-align-top box-style- color-scheme- wd-bg-none\">\n\t\t\t\t\t\t\t\t\t\t<div class=\"info-box-content\">\n\t\t\t\t\t\t<h4 class=\"info-box-title title box-title-style-default wd-fontsize-m\">Livraison \u00e0 domicile<\/h4>\t\t\t\t\t\t<div class=\"info-box-inner reset-last-child\"><\/div>\n\n\t\t\t\t\t\t\t\t\t\t\t<\/div>\n\n\t\t\t\t\t\t\t\t\t\t\t<a class=\"wd-info-box-link wd-fill\" aria-label=\"Infobox link\" href=\"#\" title=\"\"><\/a>\n\t\t\t\t\t\n\t\t\t\t\t\t\t\t\t<\/div>\n\t\t\t<\/div>\n\t\t<\/div><\/div><\/div><div class=\"wpb_column vc_column_container vc_col-sm-1\/5 vc_col-xs-6 wd-rs-62726c0fe7369\"><div class=\"vc_column-inner vc_custom_1651665940507\"><div class=\"wpb_wrapper\">\t\t\t<div class=\"info-box-wrapper\">\n\t\t\t\t<div id=\"wd-688f4d68a06ed\" class=\"wd-rs-688f4d68a06ed wd-info-box wd-wpb text-center box-icon-align-top box-style- color-scheme- wd-bg-none\">\n\t\t\t\t\t\t\t\t\t\t<div class=\"info-box-content\">\n\t\t\t\t\t\t<h4 class=\"info-box-title title box-title-style-default wd-fontsize-m\">Exp\u00e9dition nationale et internationale<\/h4>\t\t\t\t\t\t<div class=\"info-box-inner reset-last-child\"><\/div>\n\n\t\t\t\t\t\t\t\t\t\t\t<\/div>\n\n\t\t\t\t\t\t\t\t\t\t\t<a class=\"wd-info-box-link wd-fill\" aria-label=\"Infobox link\" href=\"#\" title=\"\"><\/a>\n\t\t\t\t\t\n\t\t\t\t\t\t\t\t\t<\/div>\n\t\t\t<\/div>\n\t\t<\/div><\/div><\/div><div class=\"wpb_column vc_column_container vc_col-sm-1\/5 vc_col-xs-6 wd-rs-62726c14db8c1\"><div class=\"vc_column-inner vc_custom_1651665944881\"><div class=\"wpb_wrapper\">\t\t\t<div class=\"info-box-wrapper\">\n\t\t\t\t<div id=\"wd-688f4d88bfa85\" class=\"wd-rs-688f4d88bfa85 wd-info-box wd-wpb text-center box-icon-align-top box-style- color-scheme- wd-bg-none\">\n\t\t\t\t\t\t\t\t\t\t<div class=\"info-box-content\">\n\t\t\t\t\t\t<h4 class=\"info-box-title title box-title-style-default wd-fontsize-m\">Conseils<\/h4>\t\t\t\t\t\t<div class=\"info-box-inner reset-last-child\"><\/div>\n\n\t\t\t\t\t\t\t\t\t\t\t<\/div>\n\n\t\t\t\t\t\t\t\t\t\t\t<a class=\"wd-info-box-link wd-fill\" aria-label=\"Infobox link\" href=\"#\" title=\"\"><\/a>\n\t\t\t\t\t\n\t\t\t\t\t\t\t\t\t<\/div>\n\t\t\t<\/div>\n\t\t<\/div><\/div><\/div><\/div><\/div><\/div><\/div><\/div><div class=\"vc_row wpb_row vc_row-fluid\"><div class=\"wpb_column vc_column_container vc_col-sm-12\"><div class=\"vc_column-inner\"><div class=\"wpb_wrapper\">\n\t<div class=\"wpb_text_column wpb_content_element\" >\n\t\t<div class=\"wpb_wrapper\">\n\t\t\t\n\t\t<\/div>\n\t<\/div>\n<\/div><\/div><\/div><\/div><\/div>","protected":false},"excerpt":{"rendered":"Aper\u00e7u des services Ngu\u00e8 W\u00e8 F\u00edng est sp\u00e9cialis\u00e9e dans la vente d\u2019\u00e9quipements solaires photovolta\u00efques : panneaux solaires, batteries, onduleurs, r\u00e9gulateurs","protected":false},"author":1,"featured_media":0,"parent":0,"menu_order":0,"comment_status":"closed","ping_status":"closed","template":"","meta":{"footnotes":""},"class_list":["post-39","page","type-page","status-publish","hentry"],"_links":{"self":[{"href":"https:\/\/nguewefingcongo.com\/en\/wp-json\/wp\/v2\/pages\/39","targetHints":{"allow":["GET"]}}],"collection":[{"href":"https:\/\/nguewefingcongo.com\/en\/wp-json\/wp\/v2\/pages"}],"about":[{"href":"https:\/\/nguewefingcongo.com\/en\/wp-json\/wp\/v2\/types\/page"}],"author":[{"embeddable":true,"href":"https:\/\/nguewefingcongo.com\/en\/wp-json\/wp\/v2\/users\/1"}],"replies":[{"embeddable":true,"href":"https:\/\/nguewefingcongo.com\/en\/wp-json\/wp\/v2\/comments?post=39"}],"version-history":[{"count":9,"href":"https:\/\/nguewefingcongo.com\/en\/wp-json\/wp\/v2\/pages\/39\/revisions"}],"predecessor-version":[{"id":2086,"href":"https:\/\/nguewefingcongo.com\/en\/wp-json\/wp\/v2\/pages\/39\/revisions\/2086"}],"wp:attachment":[{"href":"https:\/\/nguewefingcongo.com\/en\/wp-json\/wp\/v2\/media?parent=39"}],"curies":[{"name":"wp","href":"https:\/\/api.w.org\/{rel}","templated":true}]}}