{"id":33,"date":"2025-08-19T11:25:46","date_gmt":"2025-08-19T11:25:46","guid":{"rendered":"https:\/\/nguewefingcongo.com\/?page_id=33"},"modified":"2025-08-29T14:35:11","modified_gmt":"2025-08-29T14:35:11","slug":"politique-de-retour","status":"publish","type":"page","link":"https:\/\/nguewefingcongo.com\/en\/politique-de-retour\/","title":{"rendered":"Politique de Retour"},"content":{"rendered":"<div class=\"wpb-content-wrapper\"><div class=\"vc_row wpb_row vc_row-fluid\"><div class=\"wpb_column vc_column_container vc_col-sm-12\"><div class=\"vc_column-inner\"><div class=\"wpb_wrapper\">\n\t<div class=\"wpb_text_column wpb_content_element\" >\n\t\t<div class=\"wpb_wrapper\">\n\t\t\t\n\t\t<\/div>\n\t<\/div>\n<\/div><\/div><\/div><\/div><div class=\"vc_row wpb_row vc_row-fluid\"><div class=\"wpb_column vc_column_container vc_col-sm-12\"><div class=\"vc_column-inner\"><div class=\"wpb_wrapper\">\n\t<div class=\"wpb_text_column wpb_content_element\" >\n\t\t<div class=\"wpb_wrapper\">\n\t\t\t<p>Chez Ngu\u00e8 W\u00e8 F\u00edng, nous nous engageons \u00e0 fournir des \u00e9quipements solaires fiables et durables. Toutefois, si un retour s\u2019av\u00e8re n\u00e9cessaire, merci de prendre connaissance des conditions ci-dessous.<\/p>\n<h3 class=\"wp-block-heading\"><strong><span style=\"color: #009345; font-size: 16px;\">1.\u00a0D\u00e9lai de retour<br \/><\/span><\/strong><\/h3>\n<p>Vous disposez de 5 jours ouvr\u00e9s \u00e0 compter de la date de r\u00e9ception du produit pour signaler tout probl\u00e8me et initier un retour.<\/p>\n<h3 class=\"wp-block-heading\"><strong><span style=\"color: #009345; font-size: 16px;\">2. Conditions de retour<\/span><\/strong><\/h3>\n<p>Pour qu\u2019un retour soit accept\u00e9, le produit doit imp\u00e9rativement :<\/p>\n<ul>\n<li>\u00catre non utilis\u00e9, en parfait \u00e9tat et reconditionn\u00e9 dans son emballage d\u2019origine ;<\/li>\n<li>Inclure tous les accessoires et documents fournis (t\u00e9l\u00e9commande, c\u00e2bles, manuel, etc.) ;<\/li>\n<li>\u00catre accompagn\u00e9 d\u2019une preuve d\u2019achat (facture ou re\u00e7u de paiement).<\/li>\n<\/ul>\n<h3 class=\"wp-block-heading\"><strong><span style=\"color: #009345; font-size: 16px;\">3. Produits non \u00e9ligibles au retour<\/span><\/strong><\/h3>\n<p class=\"wp-block-heading\">Les retours ne sont pas accept\u00e9s dans les cas suivants :<\/p>\n<ul>\n<li class=\"wp-block-heading\">Produit utilis\u00e9, install\u00e9, modifi\u00e9 ou ab\u00eem\u00e9 ;<\/li>\n<li class=\"wp-block-heading\">Absence d&#8217;emballage d\u2019origine ou de pi\u00e8ces manquantes ;<\/li>\n<li class=\"wp-block-heading\">Commande sp\u00e9ciale ou personnalis\u00e9e ;<\/li>\n<li class=\"wp-block-heading\">Services d\u00e9j\u00e0 ex\u00e9cut\u00e9s (installation, diagnostic, maintenance).<\/li>\n<\/ul>\n<p><strong style=\"color: #1b1919; font-size: 22px;\"><span style=\"color: #009345; font-size: 16px;\">4. Proc\u00e9dure de retour<\/span><\/strong><\/p>\n<ol>\n<li>Contactez-nous par appel, WhatsApp ou email dans le d\u00e9lai imparti pour obtenir une autorisation de retour.<\/li>\n<li>Pr\u00e9parez soigneusement le produit dans son emballage d\u2019origine.<\/li>\n<li>Retournez-le \u00e0 l\u2019adresse communiqu\u00e9e.<\/li>\n<\/ol>\n<p>Les frais de retour sont enti\u00e8rement \u00e0 la charge du client, sauf en cas de produit non conforme livr\u00e9 par nos soins.<\/p>\n<h3 class=\"wp-block-heading\"><strong><span style=\"color: #009345; font-size: 16px;\">5. Inspection et d\u00e9cision<\/span><\/strong><\/h3>\n<ul>\n<li class=\"wp-block-heading\">D\u00e8s r\u00e9ception, nos techniciens proc\u00e8dent \u00e0 une v\u00e9rification rigoureuse<\/li>\n<li class=\"wp-block-heading\">Si le retour est conforme, un \u00e9change ou un avoir (valable 30 jours) sera propos\u00e9.<\/li>\n<li class=\"wp-block-heading\">Aucun remboursement en esp\u00e8ces n\u2019est pr\u00e9vu, sauf cas exceptionnel valid\u00e9 par la direction<\/li>\n<\/ul>\n<p class=\"wp-block-heading\"><strong><span style=\"color: #009345; font-size: 16px;\">6. Produit d\u00e9fectueux ou non conforme<\/span><\/strong><\/p>\n<p class=\"wp-block-heading\">En cas de produit d\u00e9fectueux ou d&rsquo;erreur de livraison, veuillez nous contacter dans les 48h suivant la r\u00e9ception avec des photos claires du produit et de l\u2019emballage.<br \/>Si la r\u00e9clamation est valid\u00e9e, nous prendrons en charge le remplacement ou la r\u00e9paration.<\/p>\n<p class=\"wp-block-heading\"><strong><span style=\"color: #009345; font-size: 16px;\">Contactez-nous d\u00e8s que possible :<\/span><\/strong><\/p>\n<p class=\"wp-block-heading\">Appel \/ WhatsApp : +242 06 19 19 876<\/p>\n<p class=\"wp-block-heading\">Email : info@nguewefingcongo.com<\/p>\n<p><!-- \/wp:post-content --><!-- \/wp:paragraph --><!-- \/wp:paragraph --><\/p>\n<p>&nbsp;<\/p>\n<p><!-- wp:heading {\"level\":3} --><!-- \/wp:paragraph --><\/p>\n<p>&nbsp;<\/p>\n<p><!-- wp:heading --><!-- \/wp:paragraph --><\/p>\n<p>&nbsp;<\/p>\n<p><!-- wp:heading --><\/p>\n<p>&nbsp;<\/p>\n\n\t\t<\/div>\n\t<\/div>\n<\/div><\/div><\/div><\/div><div class=\"vc_row wpb_row vc_row-fluid\"><div class=\"wpb_column vc_column_container vc_col-sm-12\"><div class=\"vc_column-inner\"><div class=\"wpb_wrapper\">\n\t<div class=\"wpb_text_column wpb_content_element\" >\n\t\t<div class=\"wpb_wrapper\">\n\t\t\t<p><!-- \/wp:paragraph --><\/p>\n\n\t\t<\/div>\n\t<\/div>\n<\/div><\/div><\/div><\/div><\/div>","protected":false},"excerpt":{"rendered":"Chez Ngu\u00e8 W\u00e8 F\u00edng, nous nous engageons \u00e0 fournir des \u00e9quipements solaires fiables et durables. Toutefois, si un retour s\u2019av\u00e8re","protected":false},"author":1,"featured_media":0,"parent":0,"menu_order":0,"comment_status":"closed","ping_status":"closed","template":"","meta":{"footnotes":""},"class_list":["post-33","page","type-page","status-publish","hentry"],"_links":{"self":[{"href":"https:\/\/nguewefingcongo.com\/en\/wp-json\/wp\/v2\/pages\/33","targetHints":{"allow":["GET"]}}],"collection":[{"href":"https:\/\/nguewefingcongo.com\/en\/wp-json\/wp\/v2\/pages"}],"about":[{"href":"https:\/\/nguewefingcongo.com\/en\/wp-json\/wp\/v2\/types\/page"}],"author":[{"embeddable":true,"href":"https:\/\/nguewefingcongo.com\/en\/wp-json\/wp\/v2\/users\/1"}],"replies":[{"embeddable":true,"href":"https:\/\/nguewefingcongo.com\/en\/wp-json\/wp\/v2\/comments?post=33"}],"version-history":[{"count":4,"href":"https:\/\/nguewefingcongo.com\/en\/wp-json\/wp\/v2\/pages\/33\/revisions"}],"predecessor-version":[{"id":1923,"href":"https:\/\/nguewefingcongo.com\/en\/wp-json\/wp\/v2\/pages\/33\/revisions\/1923"}],"wp:attachment":[{"href":"https:\/\/nguewefingcongo.com\/en\/wp-json\/wp\/v2\/media?parent=33"}],"curies":[{"name":"wp","href":"https:\/\/api.w.org\/{rel}","templated":true}]}}