{"id":1039,"date":"2022-06-02T07:15:43","date_gmt":"2022-06-02T07:15:43","guid":{"rendered":"http:\/\/dummy.xtemos.com\/woodmart2\/megamarket\/?page_id=1039"},"modified":"2025-08-29T14:44:55","modified_gmt":"2025-08-29T14:44:55","slug":"expedition-et-livraison","status":"publish","type":"page","link":"https:\/\/nguewefingcongo.com\/en\/expedition-et-livraison\/","title":{"rendered":"Exp\u00e9dition et livraison"},"content":{"rendered":"<div class=\"wpb-content-wrapper\"><div class=\"vc_row wpb_row vc_row-fluid vc_custom_1653046130458 wd-rs-62877b6cc709b\"><div class=\"wpb_column vc_column_container vc_col-sm-12 wd-rs-62739fbc25ff3\"><div class=\"vc_column-inner vc_custom_1651744709700\"><div class=\"wpb_wrapper\">\n\t\t<div id=\"wd-68a2ee5aa88c2\" class=\"title-wrapper wd-wpb wd-set-mb reset-last-child  wd-rs-68a2ee5aa88c2 wd-title-color-default wd-title-style-default text-left  wd-underline-colored\">\n\t\t\t\n\t\t\t<div class=\"liner-continer\">\n\t\t\t\t<h4 class=\"woodmart-title-container title  wd-font-weight-800 wd-fontsize-xxl\" >Information de Livraison<\/h4>\n\t\t\t\t\t\t\t<\/div>\n\t\t\t\n\t\t\t\n\t\t\t\n\t\t<\/div>\n\t\t\n\t\t\t\t<div id=\"wd-68a2e8edc0779\" class=\"wd-text-block wd-wpb reset-last-child wd-rs-68a2e8edc0779 text-left\">\n\t\t\t<p>Chez Ngu\u00e8 W\u00e8 F\u00edng, nous veillons \u00e0 ce que vos produits solaires vous parviennent rapidement et en toute s\u00e9curit\u00e9.<\/p>\n\t\t<\/div>\n\t\t<div class=\"vc_row wpb_row vc_inner vc_row-fluid\"><div class=\"wpb_column vc_column_container vc_col-sm-6\"><div class=\"vc_column-inner\"><div class=\"wpb_wrapper\">\n\t\t<div id=\"wd-68b1bc07b4898\" class=\"title-wrapper wd-wpb wd-set-mb reset-last-child  wd-rs-68b1bc07b4898 wd-title-color-default wd-title-style-default text-left vc_custom_1756478509603 wd-underline-colored\">\n\t\t\t\n\t\t\t<div class=\"liner-continer\">\n\t\t\t\t<h4 class=\"woodmart-title-container title  wd-font-weight- wd-fontsize-xl\" >Zones de livraison<\/h4>\n\t\t\t\t\t\t\t<\/div>\n\t\t\t\n\t\t\t\n\t\t\t\n\t\t<\/div>\n\t\t\n\t\t\t\t<div id=\"wd-68af6b3ba30e5\" class=\"wd-text-block wd-wpb reset-last-child wd-rs-68af6b3ba30e5 text-left\">\n\t\t\t<p>Pointe noire et Brazzaville<\/p>\n<p>Autres villes du Congo : nous faisons uniquement des exp\u00e9ditions via des agences de transport partenaires.<\/p>\n\t\t<\/div>\n\t\t<\/div><\/div><\/div><div class=\"wpb_column vc_column_container vc_col-sm-6\"><div class=\"vc_column-inner\"><div class=\"wpb_wrapper\">\n\t\t<div id=\"wd-68b1bc55d48d1\" class=\"title-wrapper wd-wpb wd-set-mb reset-last-child  wd-rs-68b1bc55d48d1 wd-title-color-default wd-title-style-default text-left vc_custom_1756478556330 wd-underline-colored\">\n\t\t\t\n\t\t\t<div class=\"liner-continer\">\n\t\t\t\t<h4 class=\"woodmart-title-container title  wd-font-weight- wd-fontsize-xl\" >D\u00e9lais de Livraison<\/h4>\n\t\t\t\t\t\t\t<\/div>\n\t\t\t\n\t\t\t\n\t\t\t\n\t\t<\/div>\n\t\t\n\t\t\t\t<div id=\"wd-68af75be27faf\" class=\"wd-text-block wd-wpb reset-last-child wd-rs-68af75be27faf text-left\">\n\t\t\t<p>Pointe noire : 24 \u00e0 48 heures apr\u00e8s confirmation de la commande.<\/p>\n<p>Autres villes : 2 \u00e0 5 jours ouvr\u00e9s selon la destination et le transporteur choisi.<\/p>\n\t\t<\/div>\n\t\t<\/div><\/div><\/div><\/div><div class=\"vc_row wpb_row vc_inner vc_row-fluid\"><div class=\"wpb_column vc_column_container vc_col-sm-6\"><div class=\"vc_column-inner\"><div class=\"wpb_wrapper\">\n\t\t<div id=\"wd-68b1bc67b849e\" class=\"title-wrapper wd-wpb wd-set-mb reset-last-child  wd-rs-68b1bc67b849e wd-title-color-default wd-title-style-default text-left vc_custom_1756478575241 wd-underline-colored\">\n\t\t\t\n\t\t\t<div class=\"liner-continer\">\n\t\t\t\t<h4 class=\"woodmart-title-container title  wd-font-weight- wd-fontsize-xl\" >Frais de Livraison<\/h4>\n\t\t\t\t\t\t\t<\/div>\n\t\t\t\n\t\t\t\n\t\t\t\n\t\t<\/div>\n\t\t\n\t\t\t\t<div id=\"wd-68af7b9878713\" class=\"wd-text-block wd-wpb reset-last-child wd-rs-68af7b9878713 text-left\">\n\t\t\t<p>Brazzaville et Pointe noire \u00e0 partir de 2000 frs en fonction du quartier. Lors de certaines promotions, soldes ou autres, certains articles peuvent \u00eatre indemnis\u00e9s de frais de livraison.<\/p>\n<p>Autres villes : les frais d\u2019exp\u00e9dition sont \u00e0 la charge du client et varient selon le transporteur et la quantit\u00e9.<\/p>\n\t\t<\/div>\n\t\t<\/div><\/div><\/div><div class=\"wpb_column vc_column_container vc_col-sm-6\"><div class=\"vc_column-inner\"><div class=\"wpb_wrapper\">\n\t\t<div id=\"wd-68b1bc78b2eea\" class=\"title-wrapper wd-wpb wd-set-mb reset-last-child  wd-rs-68b1bc78b2eea wd-title-color-default wd-title-style-default text-left vc_custom_1756478594472 wd-underline-colored\">\n\t\t\t\n\t\t\t<div class=\"liner-continer\">\n\t\t\t\t<h4 class=\"woodmart-title-container title  wd-font-weight- wd-fontsize-xl\" >Suivi de commande<\/h4>\n\t\t\t\t\t\t\t<\/div>\n\t\t\t\n\t\t\t\n\t\t\t\n\t\t<\/div>\n\t\t\n\t\t\t\t<div id=\"wd-68a2eae10b244\" class=\"wd-text-block wd-wpb reset-last-child wd-rs-68a2eae10b244 text-left\">\n\t\t\t<p>Apr\u00e8s validation de votre commande, vous recevez un message (SMS ou WhatsApp) contenant :<\/p>\n<p>Les d\u00e9tails de votre livraison ou exp\u00e9dition<\/p>\n<p>Les coordonn\u00e9es du livreur ou de l\u2019agence de transport choisie<\/p>\n\t\t<\/div>\n\t\t<\/div><\/div><\/div><\/div><div class=\"vc_row wpb_row vc_inner vc_row-fluid\"><div class=\"wpb_column vc_column_container vc_col-sm-6\"><div class=\"vc_column-inner\"><div class=\"wpb_wrapper\">\n\t\t<div id=\"wd-68b1bcb18373e\" class=\"title-wrapper wd-wpb wd-set-mb reset-last-child  wd-rs-68b1bcb18373e wd-title-color-default wd-title-style-default text-left vc_custom_1756478647727 wd-underline-colored\">\n\t\t\t\n\t\t\t<div class=\"liner-continer\">\n\t\t\t\t<h4 class=\"woodmart-title-container title  wd-font-weight- wd-fontsize-xl\" >R\u00e9ception du colis<\/h4>\n\t\t\t\t\t\t\t<\/div>\n\t\t\t\n\t\t\t\n\t\t\t\n\t\t<\/div>\n\t\t\n\t\t\t\t<div id=\"wd-68af755b341fb\" class=\"wd-text-block wd-wpb reset-last-child wd-rs-68af755b341fb text-left\">\n\t\t\t<p>\u00c0 Brazzaville et \u00e0 Pointe noire: v\u00e9rifiez toujours l\u2019\u00e9tat de votre produit \u00e0 la livraison.<\/p>\n<p>Pour les exp\u00e9ditions : r\u00e9cup\u00e9rez votre colis en agence avec le num\u00e9ro bordereau d&rsquo;exp\u00e9dition que nous vous enverrons par WhatsApp ou par mail.<\/p>\n\t\t<\/div>\n\t\t<\/div><\/div><\/div><\/div><\/div><\/div><\/div><\/div><div class=\"vc_row wpb_row vc_row-fluid wd-rs-627904a7e9726\"><div class=\"wpb_column vc_column_container vc_col-sm-6 wd-rs-62612a944dd9a\"><div class=\"vc_column-inner vc_custom_1650535063529\"><div class=\"wpb_wrapper\">\n\t\t<div id=\"wd-68b1bcd4de849\" class=\"title-wrapper wd-wpb wd-set-mb reset-last-child  wd-rs-68b1bcd4de849 wd-title-color-default wd-title-style-default text-left vc_custom_1756478685181 wd-underline-colored\">\n\t\t\t\n\t\t\t<div class=\"liner-continer\">\n\t\t\t\t<h4 class=\"woodmart-title-container title  wd-font-weight- wd-fontsize-xl\" >Service Livraison & Exp\u00e9dition<\/h4>\n\t\t\t\t\t\t\t<\/div>\n\t\t\t\n\t\t\t\n\t\t\t\n\t\t<\/div>\n\t\t\n\t\t\t\t<div id=\"wd-68af6d379ab69\" class=\"wd-text-block wd-wpb reset-last-child wd-rs-68af6d379ab69 text-left\">\n\t\t\t<p>Te: +242 06 19 19 876<\/p>\n<p>Email: info@nguewefingcongo.com<\/p>\n\t\t<\/div>\n\t\t<\/div><\/div><\/div><\/div>\n<\/div>","protected":false},"excerpt":{"rendered":"Information de Livraison Chez Ngu\u00e8 W\u00e8 F\u00edng, nous veillons \u00e0 ce que vos produits solaires vous parviennent rapidement et en","protected":false},"author":1,"featured_media":0,"parent":0,"menu_order":0,"comment_status":"closed","ping_status":"closed","template":"","meta":{"footnotes":""},"class_list":["post-1039","page","type-page","status-publish","hentry"],"_links":{"self":[{"href":"https:\/\/nguewefingcongo.com\/en\/wp-json\/wp\/v2\/pages\/1039","targetHints":{"allow":["GET"]}}],"collection":[{"href":"https:\/\/nguewefingcongo.com\/en\/wp-json\/wp\/v2\/pages"}],"about":[{"href":"https:\/\/nguewefingcongo.com\/en\/wp-json\/wp\/v2\/types\/page"}],"author":[{"embeddable":true,"href":"https:\/\/nguewefingcongo.com\/en\/wp-json\/wp\/v2\/users\/1"}],"replies":[{"embeddable":true,"href":"https:\/\/nguewefingcongo.com\/en\/wp-json\/wp\/v2\/comments?post=1039"}],"version-history":[{"count":10,"href":"https:\/\/nguewefingcongo.com\/en\/wp-json\/wp\/v2\/pages\/1039\/revisions"}],"predecessor-version":[{"id":1972,"href":"https:\/\/nguewefingcongo.com\/en\/wp-json\/wp\/v2\/pages\/1039\/revisions\/1972"}],"wp:attachment":[{"href":"https:\/\/nguewefingcongo.com\/en\/wp-json\/wp\/v2\/media?parent=1039"}],"curies":[{"name":"wp","href":"https:\/\/api.w.org\/{rel}","templated":true}]}}