{"id":1033,"date":"2022-06-02T07:14:35","date_gmt":"2022-06-02T07:14:35","guid":{"rendered":"http:\/\/dummy.xtemos.com\/woodmart2\/megamarket\/?page_id=1033"},"modified":"2025-08-30T23:52:44","modified_gmt":"2025-08-30T23:52:44","slug":"a-propos","status":"publish","type":"page","link":"https:\/\/nguewefingcongo.com\/en\/a-propos\/","title":{"rendered":"A Propos"},"content":{"rendered":"<div class=\"wpb-content-wrapper\"><div class=\"vc_row wpb_row vc_row-fluid vc_custom_1653047474123 vc_row-o-content-middle vc_row-flex wd-rs-628780aed38f8\"><div class=\"wpb_column vc_column_container vc_col-sm-6 wd-rs-625fc76800126\"><div class=\"vc_column-inner vc_custom_1650444140403\"><div class=\"wpb_wrapper\">\n\t\t<div id=\"wd-68af794757f89\" class=\"title-wrapper wd-wpb wd-set-mb reset-last-child  wd-rs-68af794757f89 wd-title-color-default wd-title-style-default text-left  wd-underline-colored\">\n\t\t\t\n\t\t\t<div class=\"liner-continer\">\n\t\t\t\t<h4 class=\"woodmart-title-container title  wd-font-weight-800 wd-fontsize-xxl\" >\u00c0 propos de nous<\/h4>\n\t\t\t\t\t\t\t<\/div>\n\t\t\t\n\t\t\t\n\t\t\t\n\t\t<\/div>\n\t\t\n\t\t\t\t<div id=\"wd-68991e3783df5\" class=\"wd-text-block wd-wpb reset-last-child wd-rs-68991e3783df5 text-left wd-width-custom\">\n\t\t\t<p>Chez Ngu\u00e8 W\u00e8 F\u00edng, nous croyons que chaque rayon du soleil est une source d\u2019\u00e9nergie pr\u00e9cieuse. Depuis notre cr\u00e9ation en 2018, nous nous engageons \u00e0 fournir des solutions solaires fiables, durables et adapt\u00e9es aux besoins de nos clients, qu\u2019ils soient particuliers, entreprises ou collectivit\u00e9s.<\/p>\n<p>Nous sommes sp\u00e9cialis\u00e9s dans la vente d\u2019appareils \u00e0 \u00e9nergie solaire tels que:<\/p>\n<ul>\n<li>Panneaux solaires performants pour une production d\u2019\u00e9lectricit\u00e9 propre et \u00e9conomique.<\/li>\n<li>Lampadaires solaires robustes pour un \u00e9clairage public autonome.<\/li>\n<li>Projecteurs solaires puissants pour s\u00e9curiser vos espaces.<\/li>\n<li>G\u00e9n\u00e9rateurs solaires pratiques pour garantir une alimentation continue, m\u00eame hors r\u00e9seau, etc&#8230;<\/li>\n<\/ul>\n\t\t<\/div>\n\t\t<\/div><\/div><\/div><div class=\"wpb_column vc_column_container vc_col-sm-6 wd-rs-6266603f9395d\"><div class=\"vc_column-inner vc_custom_1650876485178\"><div class=\"wpb_wrapper\">\n\t\t<div id=\"wd-68b38ebbc2090\" class=\"title-wrapper wd-wpb wd-set-mb reset-last-child  wd-rs-68b38ebbc2090 wd-title-color-default wd-title-style-default text-left vc_custom_1756597957413 wd-underline-colored\">\n\t\t\t\n\t\t\t<div class=\"liner-continer\">\n\t\t\t\t<h4 class=\"woodmart-title-container title  wd-font-weight- wd-fontsize-xl\" >Notre mission<\/h4>\n\t\t\t\t\t\t\t<\/div>\n\t\t\t\n\t\t\t\n\t\t\t\n\t\t<\/div>\n\t\t\n\t\t\t\t<div id=\"wd-689923b8cf56d\" class=\"wd-text-block wd-wpb reset-last-child wd-rs-689923b8cf56d text-left\">\n\t\t\t<p>Notre mission est simple : rendre l\u2019\u00e9nergie solaire accessible \u00e0 tous tout en contribuant \u00e0 la protection de l\u2019environnement. Gr\u00e2ce \u00e0 des produits de qualit\u00e9 et un service client attentif, nous aidons nos clients \u00e0 r\u00e9duire leur facture d\u2019\u00e9lectricit\u00e9 et leur empreinte carbone.<\/p>\n<p>Chez Ngu\u00e8 W\u00e8 F\u00edng, nous ne vendons pas seulement des \u00e9quipements :<br \/>\nNous offrons la libert\u00e9 de profiter du soleil\u2026 partout, tout le temps.<\/p>\n\t\t<\/div>\n\t\t<\/div><\/div><\/div><\/div>\n<\/div>","protected":false},"excerpt":{"rendered":"\u00c0 propos de nous Chez Ngu\u00e8 W\u00e8 F\u00edng, nous croyons que chaque rayon du soleil est une source d\u2019\u00e9nergie pr\u00e9cieuse.","protected":false},"author":1,"featured_media":0,"parent":0,"menu_order":0,"comment_status":"closed","ping_status":"closed","template":"","meta":{"footnotes":""},"class_list":["post-1033","page","type-page","status-publish","hentry"],"_links":{"self":[{"href":"https:\/\/nguewefingcongo.com\/en\/wp-json\/wp\/v2\/pages\/1033","targetHints":{"allow":["GET"]}}],"collection":[{"href":"https:\/\/nguewefingcongo.com\/en\/wp-json\/wp\/v2\/pages"}],"about":[{"href":"https:\/\/nguewefingcongo.com\/en\/wp-json\/wp\/v2\/types\/page"}],"author":[{"embeddable":true,"href":"https:\/\/nguewefingcongo.com\/en\/wp-json\/wp\/v2\/users\/1"}],"replies":[{"embeddable":true,"href":"https:\/\/nguewefingcongo.com\/en\/wp-json\/wp\/v2\/comments?post=1033"}],"version-history":[{"count":6,"href":"https:\/\/nguewefingcongo.com\/en\/wp-json\/wp\/v2\/pages\/1033\/revisions"}],"predecessor-version":[{"id":2052,"href":"https:\/\/nguewefingcongo.com\/en\/wp-json\/wp\/v2\/pages\/1033\/revisions\/2052"}],"wp:attachment":[{"href":"https:\/\/nguewefingcongo.com\/en\/wp-json\/wp\/v2\/media?parent=1033"}],"curies":[{"name":"wp","href":"https:\/\/api.w.org\/{rel}","templated":true}]}}